{"id":148,"date":"2022-03-15T13:11:49","date_gmt":"2022-03-15T10:11:49","guid":{"rendered":"https:\/\/www.hayatikale.com\/fr\/?page_id=148"},"modified":"2023-02-20T18:58:40","modified_gmt":"2023-02-20T15:58:40","slug":"op-dr-hayati-kale","status":"publish","type":"page","link":"https:\/\/www.hayatikale.com\/fr\/op-dr-hayati-kale\/","title":{"rendered":"Op. Dr. Hayati Kale"},"content":{"rendered":"<h2>Qui est le Dr m\u00e9dical Hayati Kale ?<\/h2>\n<p>Dr medical N\u00e9 \u00e0 Ankara, Hayati Kale est dipl\u00f4m\u00e9 du lyc\u00e9e Ankara Binnaz R\u0131dvan Ege et a commenc\u00e9 ses \u00e9tudes \u00e0 la facult\u00e9 de m\u00e9decine de Konya Meram la m\u00eame ann\u00e9e. TUS (Examen de sp\u00e9cialit\u00e9 m\u00e9dicale en Turquie), qu&rsquo;il a pass\u00e9 apr\u00e8s avoir termin\u00e9 sa formation m\u00e9dicale, il a r\u00e9ussi le d\u00e9partement ORL (Oto-Rhino-Laryngologie) pour l&rsquo;oreille, le nez et la gorge, qu&rsquo;il d\u00e9crit comme \u00ab\u00a0la combinaison de la science, de l&rsquo;art et de la chirurgie \u00ab\u00a0. Apr\u00e8s avoir termin\u00e9 sa r\u00e9sidence \u00e0 l&rsquo;h\u00f4pital de formation et de recherche Atat\u00fcrk de l\u2019universit\u00e9 Y\u0131ld\u0131r\u0131m Beyazit \u00e0 Ankara, il a termin\u00e9 son service obligatoire \u00e0 l&rsquo;h\u00f4pital de formation et de recherche Sami Ulus \u00e0 Ankara. Tout en travaillant \u00e0 l&rsquo;h\u00f4pital Bahcelievler Medicana d&rsquo;Istanbul, il a \u00e9galement contribu\u00e9 \u00e0 l&rsquo;\u00e9ducation des \u00e9tudiants en m\u00e9decine en tant qu&rsquo;universitaire au d\u00e9partement ORL de l&rsquo;Universit\u00e9 de Biruni. Actuellement, il continue de travailler \u00e0 la Kale Clinic, dont il est le fondateur.<\/p>\n<p>Dr Medical Kale a effectu\u00e9 plus de 2000 rhinoplasties et chirurgies esth\u00e9tiques faciales en suivant les d\u00e9veloppements technologiques. Il continue d&rsquo;effectuer des chirurgies du nez sans marteau et sans ciseau en combinant pleinement sa technique de rhinoplastie auto-d\u00e9velopp\u00e9e avec un appareil de mise en forme osseuse pi\u00e8ze-ultrasonique.<\/p>\n<p>Il a particip\u00e9 en tant que conf\u00e9rencier \u00e0 de nombreux congr\u00e8s nationaux et internationaux, notamment \u00e0 Vienne et en Sicile.<\/p>\n<p>Il a fait du b\u00e9n\u00e9volat dans des pays comme l&rsquo;Ouzb\u00e9kistan et Djibouti, situ\u00e9s sur les continents africain et asiatique. Il a partag\u00e9 ses exp\u00e9riences avec ses coll\u00e8gues l\u00e0-bas et a soutenu les gens qui y vivent avec les nombreuses chirurgies qu&rsquo;il a effectu\u00e9es.<\/p>\n<p>Il a re\u00e7u des traitements esth\u00e9tiques avanc\u00e9s avec du botox et des charges d&rsquo;acad\u00e9mies internationales. Soit dit en passant, il a d\u00e9velopp\u00e9 des m\u00e9thodes de botox et de remplissage avec ses connaissances pharmacologiques et a partag\u00e9 ces connaissances pharmacologiques avec des centaines de coll\u00e8gues.<\/p>\n<p>Il a particip\u00e9 \u00e0 de nombreux projets de recherche et \u00e9tudes scientifiques. Le plus important est qu&rsquo;il a particip\u00e9 \u00e0 la r\u00e9alisation du projet \u00ab\u00a0Traitement non chirurgical de la sinusite \u00e0 l&rsquo;aide de la technique du ballon dans le traitement de la sinusite chronique\u00a0\u00bb qui est l&rsquo;un des projets auxquels il a collabor\u00e9. Gr\u00e2ce \u00e0 ce projet, il a r\u00e9ussi \u00e0 publier son article dans des revues internationales.<\/p>\n<p><strong>Sujets d&rsquo;int\u00e9r\u00eat particulier :<\/strong><\/p>\n<ul>\n<li>Rhinoplastie<\/li>\n<li>Rhinoplastie de r\u00e9vision (rhinoplastie secondaire)<\/li>\n<li>Toutes les op\u00e9rations li\u00e9es \u00e0 la sant\u00e9 du nez et des sinus paranasaux<\/li>\n<li>Traitement au Botox et injections de comblement<\/li>\n<li>Proc\u00e9dures esth\u00e9tiques faciales compl\u00e9mentaires telles que le levage des l\u00e8vres, la bichectomie et l&rsquo;esth\u00e9tique des paupi\u00e8res<\/li>\n<\/ul>\n","protected":false},"excerpt":{"rendered":"<p>Qui est le Dr m\u00e9dical Hayati Kale ? Dr medical N\u00e9 \u00e0 Ankara, Hayati Kale est dipl\u00f4m\u00e9 du lyc\u00e9e Ankara Binnaz R\u0131dvan Ege et a commenc\u00e9 ses \u00e9tudes \u00e0 la facult\u00e9 de m\u00e9decine de Konya Meram la m\u00eame ann\u00e9e. TUS (Examen de sp\u00e9cialit\u00e9 m\u00e9dicale en Turquie), qu&rsquo;il a pass\u00e9 apr\u00e8s avoir termin\u00e9 sa formation m\u00e9dicale, [&hellip;]<\/p>\n","protected":false},"author":1,"featured_media":579,"parent":0,"menu_order":0,"comment_status":"closed","ping_status":"closed","template":"","meta":{"footnotes":""},"class_list":["post-148","page","type-page","status-publish","has-post-thumbnail","hentry"],"_links":{"self":[{"href":"https:\/\/www.hayatikale.com\/fr\/wp-json\/wp\/v2\/pages\/148","targetHints":{"allow":["GET"]}}],"collection":[{"href":"https:\/\/www.hayatikale.com\/fr\/wp-json\/wp\/v2\/pages"}],"about":[{"href":"https:\/\/www.hayatikale.com\/fr\/wp-json\/wp\/v2\/types\/page"}],"author":[{"embeddable":true,"href":"https:\/\/www.hayatikale.com\/fr\/wp-json\/wp\/v2\/users\/1"}],"replies":[{"embeddable":true,"href":"https:\/\/www.hayatikale.com\/fr\/wp-json\/wp\/v2\/comments?post=148"}],"version-history":[{"count":3,"href":"https:\/\/www.hayatikale.com\/fr\/wp-json\/wp\/v2\/pages\/148\/revisions"}],"predecessor-version":[{"id":431,"href":"https:\/\/www.hayatikale.com\/fr\/wp-json\/wp\/v2\/pages\/148\/revisions\/431"}],"wp:featuredmedia":[{"embeddable":true,"href":"https:\/\/www.hayatikale.com\/fr\/wp-json\/wp\/v2\/media\/579"}],"wp:attachment":[{"href":"https:\/\/www.hayatikale.com\/fr\/wp-json\/wp\/v2\/media?parent=148"}],"curies":[{"name":"wp","href":"https:\/\/api.w.org\/{rel}","templated":true}]}}