{"id":148,"date":"2022-03-15T13:11:49","date_gmt":"2022-03-15T10:11:49","guid":{"rendered":"https:\/\/www.hayatikale.com\/en\/?page_id=148"},"modified":"2023-02-20T18:57:38","modified_gmt":"2023-02-20T15:57:38","slug":"about-us","status":"publish","type":"page","link":"https:\/\/www.hayatikale.com\/en\/about-us\/","title":{"rendered":"About Us"},"content":{"rendered":"<div id=\"ez-toc-container\" class=\"ez-toc-v2_0_82_2 counter-hierarchy ez-toc-counter ez-toc-grey ez-toc-container-direction\">\n<div class=\"ez-toc-title-container\">\n<p class=\"ez-toc-title\" style=\"cursor:inherit\">Index<\/p>\n<span class=\"ez-toc-title-toggle\"><a href=\"#\" class=\"ez-toc-pull-right ez-toc-btn ez-toc-btn-xs ez-toc-btn-default ez-toc-toggle\" aria-label=\"Toggle Table of Content\"><span class=\"ez-toc-js-icon-con\"><span class=\"\"><span class=\"eztoc-hide\" style=\"display:none;\">Toggle<\/span><span class=\"ez-toc-icon-toggle-span\"><svg style=\"fill: #999;color:#999\" xmlns=\"http:\/\/www.w3.org\/2000\/svg\" class=\"list-377408\" width=\"20px\" height=\"20px\" viewBox=\"0 0 24 24\" fill=\"none\"><path d=\"M6 6H4v2h2V6zm14 0H8v2h12V6zM4 11h2v2H4v-2zm16 0H8v2h12v-2zM4 16h2v2H4v-2zm16 0H8v2h12v-2z\" fill=\"currentColor\"><\/path><\/svg><svg style=\"fill: #999;color:#999\" class=\"arrow-unsorted-368013\" xmlns=\"http:\/\/www.w3.org\/2000\/svg\" width=\"10px\" height=\"10px\" viewBox=\"0 0 24 24\" version=\"1.2\" baseProfile=\"tiny\"><path d=\"M18.2 9.3l-6.2-6.3-6.2 6.3c-.2.2-.3.4-.3.7s.1.5.3.7c.2.2.4.3.7.3h11c.3 0 .5-.1.7-.3.2-.2.3-.5.3-.7s-.1-.5-.3-.7zM5.8 14.7l6.2 6.3 6.2-6.3c.2-.2.3-.5.3-.7s-.1-.5-.3-.7c-.2-.2-.4-.3-.7-.3h-11c-.3 0-.5.1-.7.3-.2.2-.3.5-.3.7s.1.5.3.7z\"\/><\/svg><\/span><\/span><\/span><\/a><\/span><\/div>\n<nav><ul class='ez-toc-list ez-toc-list-level-1 eztoc-toggle-hide-by-default' ><li class='ez-toc-page-1 ez-toc-heading-level-3'><a class=\"ez-toc-link ez-toc-heading-1\" href=\"https:\/\/www.hayatikale.com\/en\/about-us\/#Who_is_Surgeon_Dr_Hayati_Kale\" >Who is Surgeon Dr. Hayati Kale<\/a><\/li><li class='ez-toc-page-1 ez-toc-heading-level-3'><a class=\"ez-toc-link ez-toc-heading-2\" href=\"https:\/\/www.hayatikale.com\/en\/about-us\/#Subjects_of_special_interest\" >Subjects of special interest:<\/a><\/li><\/ul><\/nav><\/div>\n<h3><span class=\"ez-toc-section\" id=\"Who_is_Surgeon_Dr_Hayati_Kale\"><\/span><strong>Who is Surgeon Dr. Hayati Kale<\/strong><span class=\"ez-toc-section-end\"><\/span><\/h3>\n<p>Born in Ankara, Turkey, Dr. Kale completed his high school education at Ankara Binnaz R\u0131dvan Ege Anatolian High School and started his medical education at Konya Meram Medical Faculty in the same year. As a result of TUS (Medical Specialty Exam in Turkey), which he entered at the end of six years, he won the Department of Otorhinolaryngology and Head and Neck Surgery, which he defines as &#8220;the combination of science, art, and surgery&#8221;. After completing his specialty training at Ankara Y\u0131ld\u0131r\u0131m Beyaz\u0131t University Atat\u00fcrk Training and Research Hospital, he completed his compulsory service at Ankara Sami Ulus Training and Research Hospital. While working at Istanbul Bah\u00e7elievler Medicana Hospital, he also contributed to the education of medical faculty students as an academician at the Biruni University ENT Department. Currently, he continues to work actively at Kale Klinik, which he is the founder of.<\/p>\n<p>Performing more than 2000 surgeries on rhinoplasty and facial aesthetics, Dr. Kale also kept up with the technological developments. He continues to perform nose job surgeries without using a hammer and chisel, as time necessitates, by fully combining his own developed rhinoplasty technique with a piezo ultrasonic bone shaping device.<\/p>\n<p>He has been a speaker and participant in many national and international congresses, especially in Vienna and Sicily.<\/p>\n<p>He voluntarily went to countries such as Uzbekistan and Djibouti in the African and Asian continents, sharing his experiences with his colleagues there and supporting the people of the region with his numerous surgeries.<\/p>\n<p>He received advanced botox and filler application training from international academies. He developed botox and filling methods with his pharmacology knowledge, which is one of his fields of interest, and shared this pharmacological knowledge with hundreds of colleagues.<\/p>\n<p>He took part in many scientific research projects and studies. He played an active role in the completion of the &#8220;non-surgical sinusitis treatment with balloon technique in the treatment of chronic sinusitis disease&#8221; project, which is one of the projects he worked on. Through this project, he managed to get his article published in international journals.<\/p>\n<h3><span class=\"ez-toc-section\" id=\"Subjects_of_special_interest\"><\/span>Subjects of special interest:<span class=\"ez-toc-section-end\"><\/span><\/h3>\n<ul>\n<li>Rhinoplasty<\/li>\n<li>Revision Rhinoplasty<\/li>\n<li>All surgeries related to the health of the nose and sinuses<\/li>\n<li>Botox and Fillers Injections<\/li>\n<li>Complementary facial aesthetic procedures such as lip lifting, bichectomy and eyelid aesthetics<\/li>\n<\/ul>\n","protected":false},"excerpt":{"rendered":"<p>Who is Surgeon Dr. Hayati Kale Born in Ankara, Turkey, Dr. Kale completed his high school education at Ankara Binnaz R\u0131dvan Ege Anatolian High School and started his medical education at Konya Meram Medical Faculty in the same year. As a result of TUS (Medical Specialty Exam in Turkey), which he entered at the end [&hellip;]<\/p>\n","protected":false},"author":1,"featured_media":477,"parent":0,"menu_order":0,"comment_status":"closed","ping_status":"closed","template":"","meta":{"footnotes":""},"class_list":["post-148","page","type-page","status-publish","has-post-thumbnail","hentry"],"_links":{"self":[{"href":"https:\/\/www.hayatikale.com\/en\/wp-json\/wp\/v2\/pages\/148","targetHints":{"allow":["GET"]}}],"collection":[{"href":"https:\/\/www.hayatikale.com\/en\/wp-json\/wp\/v2\/pages"}],"about":[{"href":"https:\/\/www.hayatikale.com\/en\/wp-json\/wp\/v2\/types\/page"}],"author":[{"embeddable":true,"href":"https:\/\/www.hayatikale.com\/en\/wp-json\/wp\/v2\/users\/1"}],"replies":[{"embeddable":true,"href":"https:\/\/www.hayatikale.com\/en\/wp-json\/wp\/v2\/comments?post=148"}],"version-history":[{"count":3,"href":"https:\/\/www.hayatikale.com\/en\/wp-json\/wp\/v2\/pages\/148\/revisions"}],"predecessor-version":[{"id":342,"href":"https:\/\/www.hayatikale.com\/en\/wp-json\/wp\/v2\/pages\/148\/revisions\/342"}],"wp:featuredmedia":[{"embeddable":true,"href":"https:\/\/www.hayatikale.com\/en\/wp-json\/wp\/v2\/media\/477"}],"wp:attachment":[{"href":"https:\/\/www.hayatikale.com\/en\/wp-json\/wp\/v2\/media?parent=148"}],"curies":[{"name":"wp","href":"https:\/\/api.w.org\/{rel}","templated":true}]}}