{"id":506,"date":"2024-08-16T13:10:34","date_gmt":"2024-08-16T10:10:34","guid":{"rendered":"https:\/\/www.hayatikale.com\/de\/?page_id=506"},"modified":"2024-08-16T13:10:34","modified_gmt":"2024-08-16T10:10:34","slug":"kvkk","status":"publish","type":"page","link":"https:\/\/www.hayatikale.com\/de\/kvkk\/","title":{"rendered":"KVKK"},"content":{"rendered":"<p><strong>Informationstext im Rahmen des Datenschutzgesetzes<\/strong><\/p>\n<p>In \u00dcbereinstimmung mit dem Gesetz zum Schutz personenbezogener Daten Nr. 6698 ( <em>KVKK<\/em> ) und anderen gesetzlichen Bestimmungen; Im Rahmen dieses Informationstextes erl\u00e4utert Dr. Einige Informationen werden von Hayati Kale bereitgestellt.<\/p>\n<p>Als Datenverantwortlicher ist Dr. Hayati Kale kann Ihre personenbezogenen Daten, wie in diesem Klarstellungstext erl\u00e4utert, in bestimmten F\u00e4llen bei Dritten (Verwandte des Leistungsempf\u00e4ngers und\/oder Parteien des \u00f6ffentlichen und\/oder privaten Rechts, wenn der Leistungsempf\u00e4nger ein Arbeitnehmer\/Versicherter ist) aufzeichnen, speichern und aktualisieren gesetzlich oder vertraglich zul\u00e4ssig und\/oder erforderlich sind, andere juristische Personen des \u00f6ffentlichen und\/oder privaten Rechts, Dritte, von denen wir Dienstleistungen erhalten oder mit denen wir zusammenarbeiten, um die in den Rechtsvorschriften festgelegten Zwecke durchzuf\u00fchren Praxis ist Gegenstand), k\u00f6nnen auf die in der KVKK und den einschl\u00e4gigen Rechtsvorschriften aufgef\u00fchrten Arten geteilt, \u00fcbertragen, klassifiziert und verarbeitet werden.<\/p>\n<p>Ihre pers\u00f6nlichen Daten Dr. Zum Zwecke des Schutzes der \u00f6ffentlichen Gesundheit, der Durchf\u00fchrung von Pr\u00e4ventivmedizin, medizinischer Diagnose, Behandlungs- und Pflegediensten von Hayati Kale sowie der Planung und Verwaltung von Gesundheitsdiensten und deren Finanzierung; Sie werden m\u00fcndlich, schriftlich, visuell oder elektronisch \u00fcber Callcenter, Website, m\u00fcndliche, schriftliche und \u00e4hnliche Kan\u00e4le eingeholt.<\/p>\n<p><strong>Ihre verarbeiteten personenbezogenen Daten und deren Verarbeitungszwecke<\/strong><\/p>\n<p>Ihre besonderen pers\u00f6nlichen Daten, einschlie\u00dflich Ihrer pers\u00f6nlichen Daten und Gesundheitsdaten, werden an Dr. Sie k\u00f6nnen von Hayati Kale in <strong>begrenztem und ma\u00dfvollem<\/strong> Umfang im Zusammenhang mit den in diesem Artikel genannten Zwecken verarbeitet werden, einschlie\u00dflich, aber nicht beschr\u00e4nkt auf die folgenden\u00a0 \u00a0:<\/p>\n<p><em><u>Identit\u00e4tsinformationen\u00a0<\/u><\/em> : Ihr Name, Nachname, TR-ID-Nummer, Passnummer oder vorl\u00e4ufige TR-ID-Nummer, Geburtsort und -datum, Familienstand, Geschlecht, Versicherungs- oder Patientenprotokollnummer und andere Identifikationsdaten, anhand derer wir Sie identifizieren k\u00f6nnen;<\/p>\n<p><em><u>Kontaktinformationen<\/u><\/em> : Ihre Adresse, Telefonnummer, E-Mail-Adresse und andere Kontaktdaten sowie Ihre pers\u00f6nlichen Daten, die Sie erhalten, wenn Sie uns per E-Mail, Brief oder auf andere Weise kontaktieren;<\/p>\n<p><em><u>Buchhaltungsinformationen<\/u><\/em> \u00a0: Ihre Finanzdaten wie Ihre Bankkontonummer, IBAN-Nummer, Kreditkarteninformationen, Rechnungsinformationen; Ihre Daten zu privaten Krankenversicherungen und Daten von Sozialversicherungstr\u00e4gern zum Zwecke der Finanzierung und Planung von Gesundheitsdiensten;<em><u> Gesundheitsinformationen<\/u><\/em> : Alle Arten gesundheitsbezogener personenbezogener Daten, die w\u00e4hrend oder als Ergebnis der Durchf\u00fchrung medizinischer Diagnose-, Behandlungs- und Pflegedienste erhoben werden, einschlie\u00dflich, aber nicht beschr\u00e4nkt auf Ihre Laborergebnisse, Testergebnisse, Untersuchungsdaten, Termininformationen, Verschreibungsinformationen, wenn Sie sich auf eine Stelle in unserer Praxis bewerben, Ihre sonstigen personenbezogenen Daten, einschlie\u00dflich des in diesem Zusammenhang bereitgestellten Lebenslaufs, sowie etwaiger personenbezogener Daten im Zusammenhang mit Ihrem Dienstvertrag, wenn Sie Mitarbeiter unserer Praxis oder ein damit verbundener Mitarbeiter sind.<\/p>\n<p><strong>\u00dcbermittlung Ihrer personenbezogenen Daten<\/strong><\/p>\n<p>Ihre personenbezogenen Daten, die zu unseren Dienstleistungsbereichen geh\u00f6ren (Gesundheitsministerium und seine gesetzlich festgelegten Untereinheiten, \u00f6ffentliche oder private Gesundheitseinrichtungen, Sozialversicherungsanstalt, Generaldirektion f\u00fcr Sicherheit und andere Strafverfolgungsbeh\u00f6rden, Generaldirektion f\u00fcr Bev\u00f6lkerung, t\u00fcrkischer Apothekerverband). , Gerichte und alle Arten von Justizbeh\u00f6rden werden nicht an nat\u00fcrliche oder juristische Personen \u00fcbertragen (au\u00dfer auf deren Anfrage).<\/p>\n<p><strong>Methode und rechtliche Gr\u00fcnde f\u00fcr die Erhebung und Verarbeitung Ihrer personenbezogenen Daten<\/strong><\/p>\n<p>Ihre personenbezogenen Daten k\u00f6nnen in allen Arten von m\u00fcndlichen, schriftlichen, visuellen oder elektronischen Medien zu den oben genannten Zwecken und zur Erbringung von Gesundheitsdienstleistungen im vorgegebenen rechtlichen Rahmen und in diesem Umfang an Dr. Sie werden eingeholt, damit Hayati Kale seine vertraglichen und gesetzlichen Verpflichtungen vollst\u00e4ndig und ordnungsgem\u00e4\u00df erf\u00fcllen kann.<\/p>\n<p><strong>Rechte der Dateneigent\u00fcmer nach dem Gesetz<\/strong><\/p>\n<p>Wann immer Sie wollen, Dr. Wenn Sie sich in der Praxis von Hayati Kale bewerben, werden Ihre personenbezogenen Daten erhoben;<\/p>\n<p>&#8211; Sie k\u00f6nnen erfahren, ob sie verarbeitet wurden, den Zweck der Verarbeitung und ob sie zweckgem\u00e4\u00df verwendet wurden, und wenn sie verarbeitet wurden, Informationen dar\u00fcber anfordern,<\/p>\n<p>&#8211; Sie k\u00f6nnen sich \u00fcber Dritte informieren, an die Ihre Daten im In- und Ausland im Einklang mit dem Gesetz weitergegeben werden,<\/p>\n<p>&#8211; Wenn Sie der Meinung sind, dass Ihre Daten unvollst\u00e4ndig oder falsch verarbeitet wurden, k\u00f6nnen Sie eine Korrektur verlangen.<\/p>\n<p>&#8211; Sie k\u00f6nnen die L\u00f6schung oder Vernichtung Ihrer Daten im Rahmen der in Artikel 7 des Gesetzes festgelegten Bedingungen verlangen.<\/p>\n<p>&#8211; Sie k\u00f6nnen verlangen, dass Ihre in den Abs\u00e4tzen (c) und (d) genannten Anfragen an Dritte weitergegeben werden, an die Ihre Daten weitergegeben wurden, und dass diese die gleichen Transaktionen durchf\u00fchren.<\/p>\n<p>&#8211; Sie k\u00f6nnen dem Entstehen eines gegen Sie gerichteten Ergebnisses aufgrund der Analyse Ihrer Daten durch automatische Systeme widersprechen, oder<\/p>\n<p>&#8211; Wenn Sie der Meinung sind, dass die Aufzeichnung oder Nutzung illegal war und Ihnen dadurch ein Schaden entstanden ist, k\u00f6nnen Sie eine Entsch\u00e4digung f\u00fcr den Schaden verlangen.<\/p>\n<p>Wenn f\u00fcr Ihre Bewerbung f\u00fcr diese Zwecke zus\u00e4tzliche Kosten anfallen, m\u00fcssen Sie die Geb\u00fchr zahlen, die im Kommuniqu\u00e9 \u00fcber die Verfahren und Grunds\u00e4tze der Bewerbung an den Datenverantwortlichen des Personal Data Protection Board festgelegt ist. Erfolgt eine schriftliche Antwort auf Ihre Bewerbung, wird f\u00fcr die ersten 10 (zehn) Seiten keine Geb\u00fchr erhoben und f\u00fcr jede Seite \u00fcber 10 (zehn) Seiten wird eine Bearbeitungsgeb\u00fchr von 1 TL erhoben. Wenn die Antwort auf Ihre Bewerbung auf einem Aufzeichnungstr\u00e4ger wie einer CD oder einem Flash-Speicher erfolgt, wird Ihnen eine Geb\u00fchr in H\u00f6he der Kosten des Aufzeichnungstr\u00e4gers berechnet.<\/p>\n<p>Ihre Anfragen in Ihrer Bewerbung werden so schnell wie m\u00f6glich, sp\u00e4testens jedoch innerhalb von 30 (drei\u00dfig) Tagen, je nach Art der Anfrage, bearbeitet. Um von Ihren gesetzlichen Rechten profitieren zu k\u00f6nnen, m\u00fcssen Sie Ihre Antr\u00e4ge schriftlich in t\u00fcrkischer Sprache an Dr. Sie k\u00f6nnen es an die Praxis von Hayati Kale weiterleiten oder die Website der Datenschutzbeh\u00f6rde besuchen, um detaillierte Informationen zu erhalten.<\/p>\n<p>Ihre Bewerbungen;<\/p>\n<p>&#8211; Nach dem Ausf\u00fcllen des Formulars unter https:\/\/www.hayatikale.com muss eine Kopie mit nasser Unterschrift pers\u00f6nlich oder durch einen Notar an [Bah\u00e7elievler Mahallesi Yanyol D-100 Sk.] geschickt werden. No:14.B Metroport Rezidance, Bah\u00e7elievler\/\u0130stanbul],<\/p>\n<p>&#8211; Nachdem Sie das Formular unter https:\/\/www.hayatikale.com ausgef\u00fcllt und mit Ihrer sicheren elektronischen Signatur oder mobilen Signatur im Rahmen des Gesetzes \u00fcber elektronische Signaturen Nr. 5070 unterzeichnet haben, senden Sie das Formular mit sicherer elektronischer Signatur per registrierter E-Mail. E-Mail oder Ihre zuvor in unserem System mitgeteilte und registrierte E-Mail-Adresse,<\/p>\n<p>Sie k\u00f6nnen es mit einer der Methoden tun.<\/p>\n<p>In Ihrem Antrag, der Ihre Erl\u00e4uterungen zu den Rechten enth\u00e4lt, die Sie als Inhaber personenbezogener Daten haben und deren Aus\u00fcbung Sie beantragen, um Ihre oben genannten Rechte auszu\u00fcben; Wenn die von Ihnen beantragte Angelegenheit klar und verst\u00e4ndlich ist, sich die von Ihnen beantragte Angelegenheit auf Sie pers\u00f6nlich bezieht oder Sie im Namen einer anderen Person handeln, m\u00fcssen Sie Ihre notariell beglaubigte Sondervollmacht vorlegen.<\/p>\n<p>Die Praxis beh\u00e4lt sich jederzeit das Recht vor, aus Gr\u00fcnden, die sich aus dem Gesetz, Nebenbestimmungen und Vorstandsbeschl\u00fcssen ergeben, \u00c4nderungen an diesem Informationstext vorzunehmen. \u00c4nderungen am Informationstext und am aktualisierten Text werden ab dem Datum ihrer Mitteilung an Sie wirksam.<\/p>\n<p><strong>\u00a0Dr. Vitales Schloss<\/strong><\/p>\n","protected":false},"excerpt":{"rendered":"<p>Informationstext im Rahmen des Datenschutzgesetzes In \u00dcbereinstimmung mit dem Gesetz zum Schutz personenbezogener Daten Nr. 6698 ( KVKK ) und anderen gesetzlichen Bestimmungen; Im Rahmen dieses Informationstextes erl\u00e4utert Dr. Einige Informationen werden von Hayati Kale bereitgestellt. Als Datenverantwortlicher ist Dr. Hayati Kale kann Ihre personenbezogenen Daten, wie in diesem Klarstellungstext erl\u00e4utert, in bestimmten F\u00e4llen bei [&hellip;]<\/p>\n","protected":false},"author":1,"featured_media":0,"parent":0,"menu_order":0,"comment_status":"closed","ping_status":"closed","template":"","meta":{"footnotes":""},"class_list":["post-506","page","type-page","status-publish","hentry"],"_links":{"self":[{"href":"https:\/\/www.hayatikale.com\/de\/wp-json\/wp\/v2\/pages\/506","targetHints":{"allow":["GET"]}}],"collection":[{"href":"https:\/\/www.hayatikale.com\/de\/wp-json\/wp\/v2\/pages"}],"about":[{"href":"https:\/\/www.hayatikale.com\/de\/wp-json\/wp\/v2\/types\/page"}],"author":[{"embeddable":true,"href":"https:\/\/www.hayatikale.com\/de\/wp-json\/wp\/v2\/users\/1"}],"replies":[{"embeddable":true,"href":"https:\/\/www.hayatikale.com\/de\/wp-json\/wp\/v2\/comments?post=506"}],"version-history":[{"count":1,"href":"https:\/\/www.hayatikale.com\/de\/wp-json\/wp\/v2\/pages\/506\/revisions"}],"predecessor-version":[{"id":507,"href":"https:\/\/www.hayatikale.com\/de\/wp-json\/wp\/v2\/pages\/506\/revisions\/507"}],"wp:attachment":[{"href":"https:\/\/www.hayatikale.com\/de\/wp-json\/wp\/v2\/media?parent=506"}],"curies":[{"name":"wp","href":"https:\/\/api.w.org\/{rel}","templated":true}]}}