{"id":148,"date":"2022-03-15T13:11:49","date_gmt":"2022-03-15T10:11:49","guid":{"rendered":"https:\/\/www.hayatikale.com\/de\/?page_id=148"},"modified":"2023-02-20T18:56:18","modified_gmt":"2023-02-20T15:56:18","slug":"uber-uns","status":"publish","type":"page","link":"https:\/\/www.hayatikale.com\/de\/uber-uns\/","title":{"rendered":"\u00dcber Uns"},"content":{"rendered":"<div id=\"ez-toc-container\" class=\"ez-toc-v2_0_82_2 counter-hierarchy ez-toc-counter ez-toc-grey ez-toc-container-direction\">\n<div class=\"ez-toc-title-container\">\n<p class=\"ez-toc-title\" style=\"cursor:inherit\">Inhaltsverzeichnis<\/p>\n<span class=\"ez-toc-title-toggle\"><a href=\"#\" class=\"ez-toc-pull-right ez-toc-btn ez-toc-btn-xs ez-toc-btn-default ez-toc-toggle\" aria-label=\"Toggle Table of Content\"><span class=\"ez-toc-js-icon-con\"><span class=\"\"><span class=\"eztoc-hide\" style=\"display:none;\">Toggle<\/span><span class=\"ez-toc-icon-toggle-span\"><svg style=\"fill: #999;color:#999\" xmlns=\"http:\/\/www.w3.org\/2000\/svg\" class=\"list-377408\" width=\"20px\" height=\"20px\" viewBox=\"0 0 24 24\" fill=\"none\"><path d=\"M6 6H4v2h2V6zm14 0H8v2h12V6zM4 11h2v2H4v-2zm16 0H8v2h12v-2zM4 16h2v2H4v-2zm16 0H8v2h12v-2z\" fill=\"currentColor\"><\/path><\/svg><svg style=\"fill: #999;color:#999\" class=\"arrow-unsorted-368013\" xmlns=\"http:\/\/www.w3.org\/2000\/svg\" width=\"10px\" height=\"10px\" viewBox=\"0 0 24 24\" version=\"1.2\" baseProfile=\"tiny\"><path d=\"M18.2 9.3l-6.2-6.3-6.2 6.3c-.2.2-.3.4-.3.7s.1.5.3.7c.2.2.4.3.7.3h11c.3 0 .5-.1.7-.3.2-.2.3-.5.3-.7s-.1-.5-.3-.7zM5.8 14.7l6.2 6.3 6.2-6.3c.2-.2.3-.5.3-.7s-.1-.5-.3-.7c-.2-.2-.4-.3-.7-.3h-11c-.3 0-.5.1-.7.3-.2.2-.3.5-.3.7s.1.5.3.7z\"\/><\/svg><\/span><\/span><\/span><\/a><\/span><\/div>\n<nav><ul class='ez-toc-list ez-toc-list-level-1 eztoc-toggle-hide-by-default' ><li class='ez-toc-page-1 ez-toc-heading-level-3'><a class=\"ez-toc-link ez-toc-heading-1\" href=\"https:\/\/www.hayatikale.com\/de\/uber-uns\/#Wer_ist_Dr_med_Hayati_Kale\" >Wer ist Dr. med. Hayati Kale?<\/a><\/li><li class='ez-toc-page-1 ez-toc-heading-level-3'><a class=\"ez-toc-link ez-toc-heading-2\" href=\"https:\/\/www.hayatikale.com\/de\/uber-uns\/#Themen_von_besonderem_Interesse\" >Themen von besonderem Interesse:<\/a><\/li><\/ul><\/nav><\/div>\n<h3><span class=\"ez-toc-section\" id=\"Wer_ist_Dr_med_Hayati_Kale\"><\/span><strong>Wer ist Dr. med. Hayati Kale?<\/strong><span class=\"ez-toc-section-end\"><\/span><\/h3>\n<p>Dr. med. Kale, geboren in Ankara, absolvierte sein Abitur an der Ankara Binnaz R\u0131dvan Ege Gymnasium und begann im selben Jahr seine Ausbildung an der Konya Meram Medizinische Fakult\u00e4t. TUS (Medical Specialty Exam in Turkey), an dem er sich nach dem Abschluss seiner medizinischen Ausbildung teilgenommen hat, hat er die Abteilung ORL (Oto-Rhino-Laryngologie) f\u00fcr die Bereiche Hals-Nasen-Ohren bestanden, die er als &#8222;die Kombination aus Wissenschaft, Kunst und Chirurgie&#8220; definiert. Nach Abschluss seiner Facharztausbildung am Atat\u00fcrk-Trainings- und Forschungskrankenhaus der Y\u0131ld\u0131r\u0131m-Beyazit-Universit\u00e4t in Ankara hat er seinen Pflichtdienst im Trainings- und Forschungskrankenhaus der Sami Ulus in Ankara abgeschlossen. W\u00e4hrend seiner T\u00e4tigkeit am Istanbul Bahcelievler Medicana Hospital hat er auch als Akademiker an der HNO-Abteilung der Universit\u00e4t Biruni zur Ausbildung von Studenten der medizinischen Fakult\u00e4t beigetragen. Derzeit arbeitet er weiterhin in der Kale Klinik, deren Gr\u00fcnder er ist.<\/p>\n<p>Dr. med. Kale hat mehr als 2000 Operationen in den Bereichen Nasenkorrektur und Gesichts\u00e4sthetik durchgef\u00fchrt, indem er mit den technologischen Entwicklungen Schritt hielt. Er f\u00fchrt weiterhin Nasenoperationen ohne Hammer und ohne Mei\u00dfel durch, indem er seine selbst entwickelte Rhinoplastik-Technik vollst\u00e4ndig mit einem Piezo-Ultraschall-Knochenformungsger\u00e4t kombiniert.<\/p>\n<p>Er hat sich als Referent an vielen nationalen und internationalen Kongressen teilgenommen, insbesondere in Wien und Sizilien.<\/p>\n<p>Er hat freiwillig in L\u00e4nder wie Usbekistan und Dschibuti, wo sich auf dem afrikanischen und asiatischen Kontinent befinden, gearbeitet. Er hat dort seine Erfahrungen mit seinen Kollegen geteilt und mit seinen durchgef\u00fchrten zahlreichen Operationen Menschen, die dort leben, unterst\u00fctzt.<\/p>\n<p>Er hat fortgeschrittenes \u00c4sthetische Behandlungen mit Botox und Filler von internationalen Akademien erhalten. \u00dcbrigens hat er entwickelte Botox- und F\u00fcllungsmethoden mit seinem pharmakologischen Wissen entwickelt und hat dieses pharmakologische Wissen mit Hunderten von Kollegen geteilt.<\/p>\n<p>Er war an vielen wissenschaftlichen Forschungsprojekten und Studien beteiligt. Die wichtigste ist, dass er am Abschluss des Projekts \u201eNicht-chirurgische Sinusitis-Behandlung mit Ballontechnik bei der Behandlung der chronischen Sinusitis-Erkrankung\u201c beteiligt war, das eines der Projekte ist, an denen er mitgearbeitet hat. Durch dieses Projekt gelang es ihm, seinen Artikel in internationalen Fachzeitschriften zu ver\u00f6ffentlichen.<\/p>\n<h3><span class=\"ez-toc-section\" id=\"Themen_von_besonderem_Interesse\"><\/span><strong>Themen von besonderem Interesse:<\/strong><span class=\"ez-toc-section-end\"><\/span><\/h3>\n<ul>\n<li>Nasenkorrektur<\/li>\n<li>Revisions-Nasenkorrektur (sekund\u00e4re Nasenkorrektur)<\/li>\n<li>Alle Operationen im Zusammenhang mit der Gesundheit der Nase und der Nasennebenh\u00f6hlen<\/li>\n<li>Botox-Behandlung und Filler-Injektionen<\/li>\n<li>Erg\u00e4nzende gesichts\u00e4sthetische Eingriffe wie Lippenlifting, Bichektomie und Augenlid\u00e4sthetik<\/li>\n<\/ul>\n","protected":false},"excerpt":{"rendered":"<p>Wer ist Dr. med. Hayati Kale? Dr. med. Kale, geboren in Ankara, absolvierte sein Abitur an der Ankara Binnaz R\u0131dvan Ege Gymnasium und begann im selben Jahr seine Ausbildung an der Konya Meram Medizinische Fakult\u00e4t. TUS (Medical Specialty Exam in Turkey), an dem er sich nach dem Abschluss seiner medizinischen Ausbildung teilgenommen hat, hat er [&hellip;]<\/p>\n","protected":false},"author":1,"featured_media":425,"parent":0,"menu_order":0,"comment_status":"closed","ping_status":"closed","template":"","meta":{"footnotes":""},"class_list":["post-148","page","type-page","status-publish","has-post-thumbnail","hentry"],"_links":{"self":[{"href":"https:\/\/www.hayatikale.com\/de\/wp-json\/wp\/v2\/pages\/148","targetHints":{"allow":["GET"]}}],"collection":[{"href":"https:\/\/www.hayatikale.com\/de\/wp-json\/wp\/v2\/pages"}],"about":[{"href":"https:\/\/www.hayatikale.com\/de\/wp-json\/wp\/v2\/types\/page"}],"author":[{"embeddable":true,"href":"https:\/\/www.hayatikale.com\/de\/wp-json\/wp\/v2\/users\/1"}],"replies":[{"embeddable":true,"href":"https:\/\/www.hayatikale.com\/de\/wp-json\/wp\/v2\/comments?post=148"}],"version-history":[{"count":2,"href":"https:\/\/www.hayatikale.com\/de\/wp-json\/wp\/v2\/pages\/148\/revisions"}],"predecessor-version":[{"id":344,"href":"https:\/\/www.hayatikale.com\/de\/wp-json\/wp\/v2\/pages\/148\/revisions\/344"}],"wp:featuredmedia":[{"embeddable":true,"href":"https:\/\/www.hayatikale.com\/de\/wp-json\/wp\/v2\/media\/425"}],"wp:attachment":[{"href":"https:\/\/www.hayatikale.com\/de\/wp-json\/wp\/v2\/media?parent=148"}],"curies":[{"name":"wp","href":"https:\/\/api.w.org\/{rel}","templated":true}]}}